{"id":4906,"date":"2025-05-16T13:20:12","date_gmt":"2025-05-16T13:20:12","guid":{"rendered":"https:\/\/kadzekim.com\/?page_id=4906"},"modified":"2025-10-03T16:54:13","modified_gmt":"2025-10-03T16:54:13","slug":"tedarik-zinciri-ve-sop-danismanligi","status":"publish","type":"page","link":"https:\/\/kadzekim.com\/?page_id=4906","title":{"rendered":"Tedarik Zinciri ve S&amp;OP Dan\u0131\u015fmanl\u0131\u011f\u0131"},"content":{"rendered":"\t\t<div data-elementor-type=\"wp-page\" data-elementor-id=\"4906\" class=\"elementor elementor-4906\">\n\t\t\t\t<div class=\"elementor-element elementor-element-1d610df e-flex e-con-boxed default-style e-con e-parent\" data-id=\"1d610df\" data-element_type=\"container\" data-settings=\"{&quot;rt_color_sets&quot;:&quot;default-style&quot;}\">\n\t\t\t\t\t<div class=\"e-con-inner\">\n\t\t\t\t<div class=\"elementor-element elementor-element-23297a6 elementor-widget elementor-widget-text-editor\" data-id=\"23297a6\" data-element_type=\"widget\" data-widget_type=\"text-editor.default\">\n\t\t\t\t<div class=\"elementor-widget-container\">\n\t\t\t\t\t\t\t\t\t<h2 data-start=\"289\" data-end=\"333\">Tedarik Zinciri ve S&amp;OP Dan\u0131\u015fmanl\u0131\u011f\u0131<\/h2><p data-start=\"334\" data-end=\"393\"><strong data-start=\"334\" data-end=\"393\">Veriye Dayal\u0131 Planlama, Entegre \u00dcretim, Dengeli Stoklar<\/strong><\/p><p data-start=\"395\" data-end=\"684\">Tedarik zinciri y\u00f6netimi yaln\u0131zca lojistikten ibaret de\u011fildir. Malzeme tedarikinden talep tahminine, \u00fcretim planlamas\u0131ndan stok optimizasyonuna kadar uzanan geni\u015f bir s\u00fcreci kapsar. Bu s\u00fcre\u00e7te yap\u0131lacak stratejik hatalar, hem maliyet art\u0131\u015f\u0131na hem de m\u00fc\u015fteri memnuniyetinde d\u00fc\u015f\u00fc\u015fe yol a\u00e7ar.<\/p><p data-start=\"686\" data-end=\"1005\">Biz bu noktada, firmalar\u0131n planlama, \u00fcretim ve tedarik zinciri yap\u0131s\u0131n\u0131 u\u00e7tan uca analiz ederek <strong data-start=\"782\" data-end=\"862\">dijitalle\u015fmi\u015f ve senkronize edilmi\u015f bir S&amp;OP (Sales and Operations Planning)<\/strong> yap\u0131s\u0131 kurmalar\u0131na yard\u0131mc\u0131 oluyoruz. Amac\u0131m\u0131z; <strong data-start=\"911\" data-end=\"992\">do\u011fru \u00fcr\u00fcn\u00fcn, do\u011fru zamanda, do\u011fru miktarda ve minimum maliyetle \u00fcretilmesini<\/strong> sa\u011flamakt\u0131r.<\/p><hr data-start=\"1007\" data-end=\"1010\" \/><h3 data-start=\"1012\" data-end=\"1053\">S&amp;OP Nedir? Neden Bu Kadar Kritik?<\/h3><p data-start=\"1055\" data-end=\"1264\"><strong data-start=\"1055\" data-end=\"1095\">Sales and Operations Planning (S&amp;OP)<\/strong>; sat\u0131\u015f tahminleri, \u00fcretim kapasiteleri, stok durumlar\u0131 ve tedarik\u00e7i bilgilerini bir araya getirerek <strong data-start=\"1196\" data-end=\"1227\">entegre bir planlama s\u00fcreci<\/strong> olu\u015fturur. Ba\u015far\u0131l\u0131 bir S&amp;OP yap\u0131s\u0131:<\/p><ul data-start=\"1266\" data-end=\"1450\"><li data-start=\"1266\" data-end=\"1302\"><p data-start=\"1268\" data-end=\"1302\">Tahminle \u00fcretimi senkronize eder<\/p><\/li><li data-start=\"1303\" data-end=\"1333\"><p data-start=\"1305\" data-end=\"1333\">Stok maliyetlerini azalt\u0131r<\/p><\/li><li data-start=\"1334\" data-end=\"1364\"><p data-start=\"1336\" data-end=\"1364\">Tedarik risklerini \u00f6ng\u00f6r\u00fcr<\/p><\/li><li data-start=\"1365\" data-end=\"1405\"><p data-start=\"1367\" data-end=\"1405\">Sat\u0131\u015f ve \u00fcretim aras\u0131nda denge kurar<\/p><\/li><li data-start=\"1406\" data-end=\"1450\"><p data-start=\"1408\" data-end=\"1450\">KPI takibini ve performans \u00f6l\u00e7\u00fcm\u00fcn\u00fc sa\u011flar<\/p><\/li><\/ul><p data-start=\"1452\" data-end=\"1518\">Biz bu s\u00fcrecin hem kurulumunda hem de uygulanmas\u0131nda yan\u0131n\u0131zday\u0131z.<\/p><hr data-start=\"1520\" data-end=\"1523\" \/><h3 data-start=\"1525\" data-end=\"1572\">Tedarik Zinciri Analizi ve Optimizasyonu<\/h3><p data-start=\"1574\" data-end=\"1770\">\u0130yi kurgulanm\u0131\u015f bir tedarik zinciri, t\u00fcm \u00fcretim sisteminin omurgas\u0131n\u0131 olu\u015fturur. Bu nedenle \u00f6nce mevcut s\u00fcrecinizi analiz ediyor, darbo\u011fazlar\u0131 tespit ediyor ve iyile\u015ftirme alanlar\u0131n\u0131 belirliyoruz.<\/p><ul data-start=\"1772\" data-end=\"2045\"><li data-start=\"1772\" data-end=\"1809\"><p data-start=\"1774\" data-end=\"1809\"><strong data-start=\"1774\" data-end=\"1807\">Malzeme ak\u0131\u015f haritas\u0131 \u00e7\u0131karma<\/strong><\/p><\/li><li data-start=\"1810\" data-end=\"1871\"><p data-start=\"1812\" data-end=\"1871\"><strong data-start=\"1812\" data-end=\"1869\">Tedarik\u00e7i bazl\u0131 risk analizi ve alternatif geli\u015ftirme<\/strong><\/p><\/li><li data-start=\"1872\" data-end=\"1920\"><p data-start=\"1874\" data-end=\"1920\"><strong data-start=\"1874\" data-end=\"1918\">Tedarik s\u00fcresi (lead time) optimizasyonu<\/strong><\/p><\/li><li data-start=\"1921\" data-end=\"1960\"><p data-start=\"1923\" data-end=\"1960\"><strong data-start=\"1923\" data-end=\"1958\">Minimum stok seviyesi belirleme<\/strong><\/p><\/li><li data-start=\"1961\" data-end=\"2017\"><p data-start=\"1963\" data-end=\"2017\"><strong data-start=\"1963\" data-end=\"2015\">Sipari\u015f s\u0131kl\u0131\u011f\u0131 ve sipari\u015f b\u00fcy\u00fckl\u00fc\u011f\u00fc modellemesi<\/strong><\/p><\/li><li data-start=\"2018\" data-end=\"2045\"><p data-start=\"2020\" data-end=\"2045\"><strong data-start=\"2020\" data-end=\"2045\">Fire ve kay\u0131p analizi<\/strong><\/p><\/li><\/ul><p data-start=\"2047\" data-end=\"2161\">Bu analizlerle birlikte \u00fcretim hatt\u0131n\u0131 s\u00fcrekli besleyen, esnek ve maliyet etkin bir tedarik zinciri olu\u015fturuyoruz.<\/p><hr data-start=\"2163\" data-end=\"2166\" \/><h3 data-start=\"2168\" data-end=\"2209\">Talep Tahmini ve \u00dcretim Planlamas\u0131<\/h3><p data-start=\"2211\" data-end=\"2429\">Yanl\u0131\u015f tahmin, ya fazla \u00fcretim ya da eksik \u00fcretim anlam\u0131na gelir ve her ikisi de maliyet demektir. Biz bu noktada ge\u00e7mi\u015f sat\u0131\u015f verileri, sezonsall\u0131k etkileri, kampanya analizleri ve piyasa trendlerini birlikte de\u011ferlendirerek:<\/p><ul data-start=\"2431\" data-end=\"2696\"><li data-start=\"2431\" data-end=\"2518\"><p data-start=\"2433\" data-end=\"2518\"><strong data-start=\"2433\" data-end=\"2463\">Talep tahmin algoritmalar\u0131<\/strong> kuruyoruz (statik, dinamik veya yapay zeka destekli)<\/p><\/li><li data-start=\"2519\" data-end=\"2588\"><p data-start=\"2521\" data-end=\"2588\"><strong data-start=\"2521\" data-end=\"2586\">\u00dcretim \u00e7izelgelerini talep tahminine g\u00f6re senkronize ediyoruz<\/strong><\/p><\/li><li data-start=\"2589\" data-end=\"2642\"><p data-start=\"2591\" data-end=\"2642\"><strong data-start=\"2591\" data-end=\"2640\">Sipari\u015ften \u00fcretime d\u00f6n\u00fc\u015f s\u00fcresini azalt\u0131yoruz<\/strong><\/p><\/li><li data-start=\"2643\" data-end=\"2696\"><p data-start=\"2645\" data-end=\"2696\"><strong data-start=\"2645\" data-end=\"2686\">\u00dcretim kapasitesi &amp; kaynak planlamas\u0131<\/strong> yap\u0131yoruz<\/p><\/li><\/ul><p data-start=\"2698\" data-end=\"2786\">B\u00f6ylece plans\u0131z duru\u015flar, ge\u00e7 sevkiyatlar ve israf azal\u0131rken \u00fcretim g\u00fcvenilirli\u011fi artar.<\/p><hr data-start=\"2788\" data-end=\"2791\" \/><h3 data-start=\"2793\" data-end=\"2830\">ERP Uyumlu Planlama Sistemleri<\/h3><p data-start=\"2832\" data-end=\"3026\">Sundu\u011fumuz t\u00fcm s\u00fcre\u00e7 iyile\u015ftirmeleri, \u015firketinizin mevcut ERP altyap\u0131s\u0131na entegre edilir. SAP, Logo, Netsis, Oracle, Microsoft Dynamics gibi ERP sistemleriyle tam uyumlu modeller geli\u015ftiriyoruz.<\/p><ul data-start=\"3028\" data-end=\"3224\"><li data-start=\"3028\" data-end=\"3066\"><p data-start=\"3030\" data-end=\"3066\">\u00dcretim re\u00e7etesi (BOM) uyumlamalar\u0131<\/p><\/li><li data-start=\"3067\" data-end=\"3112\"><p data-start=\"3069\" data-end=\"3112\">Otomatik malzeme ihtiya\u00e7 planlamas\u0131 (MRP)<\/p><\/li><li data-start=\"3113\" data-end=\"3136\"><p data-start=\"3115\" data-end=\"3136\">Dinamik stok takibi<\/p><\/li><li data-start=\"3137\" data-end=\"3180\"><p data-start=\"3139\" data-end=\"3180\">Malzeme ihtiya\u00e7 ve kapasite senaryolar\u0131<\/p><\/li><li data-start=\"3181\" data-end=\"3224\"><p data-start=\"3183\" data-end=\"3224\">KPI panelleri ile canl\u0131 izleme sistemleri<\/p><\/li><\/ul><p data-start=\"3226\" data-end=\"3318\">ERP sisteminizin potansiyelini tam olarak kullanarak karar alma s\u00fcre\u00e7lerini g\u00fc\u00e7lendiriyoruz.<\/p><hr data-start=\"3320\" data-end=\"3323\" \/><h3 data-start=\"3325\" data-end=\"3366\">Stok ve Depo Y\u00f6netimi Dan\u0131\u015fmanl\u0131\u011f\u0131<\/h3><p data-start=\"3368\" data-end=\"3527\">\u00dcretim kadar \u00f6nemli bir di\u011fer unsur da <strong data-start=\"3407\" data-end=\"3435\">stok ve depo y\u00f6netimidir<\/strong>. Fazla stok sermaye ba\u011flarken, yetersiz stok \u00fcretimi durdurabilir. Bu dengeyi korumak i\u00e7in:<\/p><ul data-start=\"3529\" data-end=\"3770\"><li data-start=\"3529\" data-end=\"3578\"><p data-start=\"3531\" data-end=\"3578\"><strong data-start=\"3531\" data-end=\"3553\">ABC-XYZ analizleri<\/strong> ile stok s\u0131n\u0131fland\u0131rma<\/p><\/li><li data-start=\"3579\" data-end=\"3634\"><p data-start=\"3581\" data-end=\"3634\"><strong data-start=\"3581\" data-end=\"3605\">FIFO\/FEFO y\u00f6ntemleri<\/strong> ile raf \u00f6mr\u00fc optimizasyonu<\/p><\/li><li data-start=\"3635\" data-end=\"3675\"><p data-start=\"3637\" data-end=\"3675\"><strong data-start=\"3637\" data-end=\"3673\">Emniyet stoku seviyesi belirleme<\/strong><\/p><\/li><li data-start=\"3676\" data-end=\"3717\"><p data-start=\"3678\" data-end=\"3717\"><strong data-start=\"3678\" data-end=\"3715\">Yava\u015f d\u00f6nen stoklar\u0131n azalt\u0131lmas\u0131<\/strong><\/p><\/li><li data-start=\"3718\" data-end=\"3770\"><p data-start=\"3720\" data-end=\"3770\"><strong data-start=\"3720\" data-end=\"3770\">Say\u0131m ve envanter s\u00fcre\u00e7lerinin iyile\u015ftirilmesi<\/strong><\/p><\/li><\/ul><p data-start=\"3772\" data-end=\"3907\">hizmetlerini sunuyoruz. T\u00fcm bu i\u015flemlerle birlikte depo kapasitenizi verimli kullanman\u0131z\u0131, stok \u00e7evrim h\u0131z\u0131n\u0131z\u0131 art\u0131rman\u0131z\u0131 sa\u011fl\u0131yoruz.<\/p><hr data-start=\"3909\" data-end=\"3912\" \/><h3 data-start=\"3914\" data-end=\"3957\">Ekipler Aras\u0131 Entegre \u00c7al\u0131\u015fma Modeli<\/h3><p data-start=\"3959\" data-end=\"4106\">S&amp;OP yaln\u0131zca bir yaz\u0131l\u0131m veya raporlama s\u00fcreci de\u011fildir. Ayn\u0131 zamanda <strong data-start=\"4030\" data-end=\"4106\">kurum i\u00e7i ileti\u015fimin ve i\u015f birli\u011finin yeniden tan\u0131mland\u0131\u011f\u0131 bir s\u00fcre\u00e7tir.<\/strong><\/p><p data-start=\"4108\" data-end=\"4120\">Bu kapsamda:<\/p><ul data-start=\"4122\" data-end=\"4367\"><li data-start=\"4122\" data-end=\"4204\"><p data-start=\"4124\" data-end=\"4204\">Sat\u0131\u015f, \u00fcretim, finans ve tedarik ekiplerinin senkronize \u00e7al\u0131\u015fmas\u0131n\u0131 sa\u011fl\u0131yoruz<\/p><\/li><li data-start=\"4205\" data-end=\"4249\"><p data-start=\"4207\" data-end=\"4249\">Ayl\u0131k S&amp;OP toplant\u0131 modeli olu\u015fturuyoruz<\/p><\/li><li data-start=\"4250\" data-end=\"4318\"><p data-start=\"4252\" data-end=\"4318\">Kurum i\u00e7i KPI\u2019lar\u0131n ortak hedeflere y\u00f6nlendirilmesini sa\u011fl\u0131yoruz<\/p><\/li><li data-start=\"4319\" data-end=\"4367\"><p data-start=\"4321\" data-end=\"4367\">Rolleri ve sorumluluklar\u0131 yeniden tan\u0131ml\u0131yoruz<\/p><\/li><\/ul><p data-start=\"4369\" data-end=\"4464\">Sonu\u00e7 olarak daha \u00e7evik, \u00f6ng\u00f6r\u00fclebilir ve y\u00fcksek performansl\u0131 bir organizasyon yap\u0131s\u0131 olu\u015fuyor.<\/p><hr data-start=\"4466\" data-end=\"4469\" \/>\t\t\t\t\t\t\t\t<\/div>\n\t\t\t\t<\/div>\n\t\t\t\t\t<\/div>\n\t\t\t\t<\/div>\n\t\t\t\t<\/div>\n\t\t","protected":false},"excerpt":{"rendered":"<p>Tedarik Zinciri ve S&amp;OP Dan\u0131\u015fmanl\u0131\u011f\u0131 Veriye Dayal\u0131 Planlama, Entegre \u00dcretim, Dengeli Stoklar Tedarik zinciri y\u00f6netimi yaln\u0131zca lojistikten ibaret de\u011fildir. Malzeme tedarikinden talep tahminine, \u00fcretim planlamas\u0131ndan stok optimizasyonuna kadar uzanan geni\u015f bir s\u00fcreci kapsar. Bu s\u00fcre\u00e7te yap\u0131lacak stratejik hatalar, hem maliyet art\u0131\u015f\u0131na hem de m\u00fc\u015fteri memnuniyetinde d\u00fc\u015f\u00fc\u015fe yol a\u00e7ar. Biz bu noktada, firmalar\u0131n planlama, \u00fcretim ve [&hellip;]<\/p>\n","protected":false},"author":1,"featured_media":0,"parent":0,"menu_order":0,"comment_status":"closed","ping_status":"closed","template":"","meta":{"footnotes":""},"class_list":["post-4906","page","type-page","status-publish","hentry"],"_links":{"self":[{"href":"https:\/\/kadzekim.com\/index.php?rest_route=\/wp\/v2\/pages\/4906","targetHints":{"allow":["GET"]}}],"collection":[{"href":"https:\/\/kadzekim.com\/index.php?rest_route=\/wp\/v2\/pages"}],"about":[{"href":"https:\/\/kadzekim.com\/index.php?rest_route=\/wp\/v2\/types\/page"}],"author":[{"embeddable":true,"href":"https:\/\/kadzekim.com\/index.php?rest_route=\/wp\/v2\/users\/1"}],"replies":[{"embeddable":true,"href":"https:\/\/kadzekim.com\/index.php?rest_route=%2Fwp%2Fv2%2Fcomments&post=4906"}],"version-history":[{"count":7,"href":"https:\/\/kadzekim.com\/index.php?rest_route=\/wp\/v2\/pages\/4906\/revisions"}],"predecessor-version":[{"id":4955,"href":"https:\/\/kadzekim.com\/index.php?rest_route=\/wp\/v2\/pages\/4906\/revisions\/4955"}],"wp:attachment":[{"href":"https:\/\/kadzekim.com\/index.php?rest_route=%2Fwp%2Fv2%2Fmedia&parent=4906"}],"curies":[{"name":"wp","href":"https:\/\/api.w.org\/{rel}","templated":true}]}}