{"id":4884,"date":"2025-05-16T13:05:16","date_gmt":"2025-05-16T13:05:16","guid":{"rendered":"https:\/\/kadzekim.com\/?page_id=4884"},"modified":"2025-05-16T13:06:41","modified_gmt":"2025-05-16T13:06:41","slug":"et-ve-unlu-mamuller","status":"publish","type":"page","link":"https:\/\/kadzekim.com\/?page_id=4884","title":{"rendered":"Et ve Unlu Mamuller"},"content":{"rendered":"\t\t<div data-elementor-type=\"wp-page\" data-elementor-id=\"4884\" class=\"elementor elementor-4884\">\n\t\t\t\t<div class=\"elementor-element elementor-element-8181da8 e-flex e-con-boxed default-style e-con e-parent\" data-id=\"8181da8\" data-element_type=\"container\" data-settings=\"{&quot;rt_color_sets&quot;:&quot;default-style&quot;}\">\n\t\t\t\t\t<div class=\"e-con-inner\">\n\t\t\t\t<div class=\"elementor-element elementor-element-6fb549a elementor-widget elementor-widget-text-editor\" data-id=\"6fb549a\" data-element_type=\"widget\" data-widget_type=\"text-editor.default\">\n\t\t\t\t<div class=\"elementor-widget-container\">\n\t\t\t\t\t\t\t\t\t<h2 data-start=\"209\" data-end=\"236\">Et ve Unlu Mamuller<\/h2><p data-start=\"237\" data-end=\"323\"><strong data-start=\"237\" data-end=\"323\">Lezzeti Standartla\u015ft\u0131ran Teknoloji, Kaliteyi G\u00fcvence Alt\u0131na Alan Bilimsel Yakla\u015f\u0131m<\/strong><\/p><p data-start=\"325\" data-end=\"758\">Et ve unlu mamul \u00fcretimi, g\u0131da sanayisinin en dinamik ve teknik bilgi gerektiren alanlar\u0131ndan biridir. \u00dcr\u00fcnlerin raf \u00f6mr\u00fc, lezzeti, doku yap\u0131s\u0131 ve mikrobiyolojik g\u00fcvenli\u011fi; kullan\u0131lan hammaddeler kadar proses parametrelerine, katk\u0131 sistemlerine ve re\u00e7ete bile\u015fenlerine de ba\u011fl\u0131d\u0131r. Bu nedenle size \u00f6zel sundu\u011fumuz dan\u0131\u015fmanl\u0131k ve geli\u015ftirme hizmetleri, bu iki ana kategori i\u00e7in bilimsel do\u011frulukta ve uygulamaya d\u00f6n\u00fck \u00e7\u00f6z\u00fcmler i\u00e7erir.<\/p><hr data-start=\"760\" data-end=\"763\" \/><h3 data-start=\"765\" data-end=\"810\">Et \u00dcr\u00fcnleri \u0130\u00e7in \u00c7\u00f6z\u00fcm Odakl\u0131 Yakla\u015f\u0131m<\/h3><p data-start=\"812\" data-end=\"1116\">Et bazl\u0131 \u00fcr\u00fcnlerde kar\u015f\u0131la\u015f\u0131lan en b\u00fcy\u00fck zorluklar aras\u0131nda <strong data-start=\"872\" data-end=\"974\">em\u00fclsiyon stabilitesi, ya\u011f-su faz ayr\u0131m\u0131, tekst\u00fcr zay\u0131fl\u0131\u011f\u0131, renk stabilitesi ve raf \u00f6mr\u00fc k\u0131sal\u0131\u011f\u0131<\/strong> yer al\u0131r. Bu sorunlar\u0131n kayna\u011f\u0131 \u00e7o\u011fu zaman re\u00e7ete uyumsuzlu\u011fu, proses kontrol eksikli\u011fi veya katk\u0131 maddelerinin yetersizli\u011finden kaynaklan\u0131r.<\/p><p data-start=\"1118\" data-end=\"1144\"><strong data-start=\"1121\" data-end=\"1142\">Biz ne yap\u0131yoruz?<\/strong><\/p><ul data-start=\"1145\" data-end=\"1479\"><li data-start=\"1145\" data-end=\"1203\"><p data-start=\"1147\" data-end=\"1203\">Em\u00fclsiyon yap\u0131s\u0131n\u0131 stabilize eden sistemler kuruyoruz.<\/p><\/li><li data-start=\"1204\" data-end=\"1292\"><p data-start=\"1206\" data-end=\"1292\">Raf \u00f6mr\u00fc ve mikrobiyal stabiliteyi art\u0131rmak i\u00e7in \u00f6zel koruyucu sistemler \u00f6neriyoruz.<\/p><\/li><li data-start=\"1293\" data-end=\"1374\"><p data-start=\"1295\" data-end=\"1374\">\u00dcr\u00fcnlere homojen yap\u0131 kazand\u0131ran k\u0131vam art\u0131r\u0131c\u0131lar ve ba\u011flay\u0131c\u0131lar sunuyoruz.<\/p><\/li><li data-start=\"1375\" data-end=\"1479\"><p data-start=\"1377\" data-end=\"1479\">Farkl\u0131 segmentler i\u00e7in form\u00fclasyon geli\u015ftiriyoruz: sosis, salam, nugget, kebap, k\u00f6fte, marine \u00fcr\u00fcnler\u2026<\/p><\/li><\/ul><p data-start=\"1481\" data-end=\"1610\">\u00dcstelik t\u00fcm \u00f6nerilerimiz; mikrobiyolojik, fiziksel ve duyusal analizlerle test edilerek uygulanabilirlik a\u00e7\u0131s\u0131ndan do\u011frulan\u0131r.<\/p><hr data-start=\"1612\" data-end=\"1615\" \/><h3 data-start=\"1617\" data-end=\"1668\">Unlu Mamullerde Fonksiyonel ve Duyusal Denge<\/h3><p data-start=\"1670\" data-end=\"1925\">Unlu mamullerde t\u00fcketici beklentileri; \u00e7\u0131t\u0131r doku, hacimli g\u00f6r\u00fcn\u00fcm, uzun raf \u00f6mr\u00fc ve lezzet b\u00fct\u00fcnl\u00fc\u011f\u00fc etraf\u0131nda \u015fekillenir. Ancak ayn\u0131 zamanda nem kayb\u0131, bayatlama s\u00fcreci, yap\u0131sal \u00e7\u00f6kme gibi teknik zorluklar da \u00fcreticinin s\u00fcrekli \u00e7\u00f6z\u00fcm arad\u0131\u011f\u0131 alanlard\u0131r.<\/p><p data-start=\"1927\" data-end=\"1962\"><strong data-start=\"1930\" data-end=\"1962\">\u00c7\u00f6z\u00fcmlerimiz \u015funlar\u0131 i\u00e7erir:<\/strong><\/p><ul data-start=\"1963\" data-end=\"2258\"><li data-start=\"1963\" data-end=\"2019\"><p data-start=\"1965\" data-end=\"2019\">Un ve katk\u0131 uyumunu sa\u011flayan re\u00e7ete optimizasyonlar\u0131<\/p><\/li><li data-start=\"2020\" data-end=\"2071\"><p data-start=\"2022\" data-end=\"2071\">Nem tutucu sistemlerle \u00fcr\u00fcn\u00fcn tazeli\u011fini koruma<\/p><\/li><li data-start=\"2072\" data-end=\"2129\"><p data-start=\"2074\" data-end=\"2129\">Temiz etiket uyumlu (E-code i\u00e7ermeyen) do\u011fal katk\u0131lar<\/p><\/li><li data-start=\"2130\" data-end=\"2176\"><p data-start=\"2132\" data-end=\"2176\">Maya ve kabart\u0131c\u0131 sistemlerin do\u011fru se\u00e7imi<\/p><\/li><li data-start=\"2177\" data-end=\"2258\"><p data-start=\"2179\" data-end=\"2258\">H\u0131zl\u0131 \u00fcretim hatlar\u0131nda dahi formun korunmas\u0131n\u0131 sa\u011flayan yap\u0131sal dengeleyiciler<\/p><\/li><\/ul><p data-start=\"2260\" data-end=\"2394\">Ayr\u0131ca glutensiz, y\u00fcksek proteinli veya fonksiyonel unlu mamuller gibi \u00f6zel segmentlerde de \u00f6zelle\u015ftirilmi\u015f katk\u0131 \u00e7\u00f6z\u00fcmleri sunuyoruz.<\/p><hr data-start=\"2396\" data-end=\"2399\" \/><h3 data-start=\"2401\" data-end=\"2465\">Re\u00e7ete Dan\u0131\u015fmanl\u0131\u011f\u0131 ile Maliyet ve Kalite Dengesini Kurun<\/h3><p data-start=\"2467\" data-end=\"2632\">Hem et hem de unlu mamuller i\u00e7in <strong data-start=\"2500\" data-end=\"2528\">maliyet\/performans oran\u0131<\/strong> y\u00fcksek re\u00e7eteler olu\u015fturmak, pazardaki s\u00fcrd\u00fcr\u00fclebilir ba\u015far\u0131 i\u00e7in hayati \u00f6neme sahiptir. Bu do\u011frultuda:<\/p><ul data-start=\"2634\" data-end=\"2786\"><li data-start=\"2634\" data-end=\"2673\"><p data-start=\"2636\" data-end=\"2673\">Mevcut re\u00e7etenizin analizini yap\u0131yor,<\/p><\/li><li data-start=\"2674\" data-end=\"2712\"><p data-start=\"2676\" data-end=\"2712\">Alternatif i\u00e7erik \u00f6nerileri sunuyor,<\/p><\/li><li data-start=\"2713\" data-end=\"2786\"><p data-start=\"2715\" data-end=\"2786\">Fonksiyon kayb\u0131 olmadan maliyet d\u00fc\u015f\u00fcr\u00fcc\u00fc form\u00fclasyonlar geli\u015ftiriyoruz.<\/p><\/li><\/ul><p data-start=\"2788\" data-end=\"2930\">Gizlilik s\u00f6zle\u015fmesi \u00e7er\u00e7evesinde \u00e7al\u0131\u015farak, \u00fcr\u00fcn re\u00e7etelerinizi d\u0131\u015fa kapal\u0131 tutuyor ve size \u00f6zel \u00e7\u00f6z\u00fcmleri i\u00e7 sistemlerinize entegre ediyoruz.<\/p><hr data-start=\"2932\" data-end=\"2935\" \/><h3 data-start=\"2937\" data-end=\"2981\">Kalite Art\u0131r\u0131c\u0131 Sistemsel Yakla\u015f\u0131mlar<\/h3><p data-start=\"2983\" data-end=\"3139\">\u00dcr\u00fcn kalitesinin s\u00fcreklili\u011fi sadece form\u00fclasyona de\u011fil; ayn\u0131 zamanda \u00fcretim prosesinin her ad\u0131m\u0131na ba\u011fl\u0131d\u0131r. Bu y\u00fczden teknik ekibinizle birlikte \u00e7al\u0131\u015farak:<\/p><ul data-start=\"3141\" data-end=\"3405\"><li data-start=\"3141\" data-end=\"3184\"><p data-start=\"3143\" data-end=\"3184\">Kritik kontrol noktalar\u0131 olu\u015fturuyoruz.<\/p><\/li><li data-start=\"3185\" data-end=\"3256\"><p data-start=\"3187\" data-end=\"3256\">\u00dcretim kay\u0131tlar\u0131n\u0131n analizini yaparak zay\u0131f noktalar\u0131 belirliyoruz.<\/p><\/li><li data-start=\"3257\" data-end=\"3320\"><p data-start=\"3259\" data-end=\"3320\">HACCP, GMP ve IFS\/BRC uyumlu \u00fcretim s\u00fcre\u00e7leri tasarl\u0131yoruz.<\/p><\/li><li data-start=\"3321\" data-end=\"3405\"><p data-start=\"3323\" data-end=\"3405\">\u00dcr\u00fcnlerin duyusal skorlar\u0131n\u0131 standartla\u015ft\u0131rmak i\u00e7in panel testleri geli\u015ftiriyoruz.<\/p><\/li><\/ul><hr data-start=\"3407\" data-end=\"3410\" \/><h3 data-start=\"3412\" data-end=\"3469\">Sizin \u00dcr\u00fcn\u00fcn\u00fcz, Sizin Markan\u0131z, Bizim Uzmanl\u0131\u011f\u0131m\u0131z<\/h3><p data-start=\"3471\" data-end=\"3791\">\u00dcr\u00fcnlerinizin marka de\u011ferine de\u011fer katmak, onlar\u0131 sadece daha dayan\u0131kl\u0131 de\u011fil, ayn\u0131 zamanda daha <strong data-start=\"3568\" data-end=\"3581\">be\u011fenilir<\/strong>, <strong data-start=\"3583\" data-end=\"3595\">ekonomik<\/strong>ve <strong data-start=\"3599\" data-end=\"3626\">pazar trendlerine uygun<\/strong> hale getirmek i\u00e7in buraday\u0131z. Hedefiniz ister geleneksel lezzetlerde m\u00fckemmellik olsun, ister yenilik\u00e7i fonksiyonel \u00fcr\u00fcnler \u00fcretmek \u2014 size uygun \u00e7\u00f6z\u00fcm bizde mevcut.<\/p><hr data-start=\"3793\" data-end=\"3796\" \/>\t\t\t\t\t\t\t\t<\/div>\n\t\t\t\t<\/div>\n\t\t\t\t\t<\/div>\n\t\t\t\t<\/div>\n\t\t\t\t<\/div>\n\t\t","protected":false},"excerpt":{"rendered":"<p>Et ve Unlu Mamuller Lezzeti Standartla\u015ft\u0131ran Teknoloji, Kaliteyi G\u00fcvence Alt\u0131na Alan Bilimsel Yakla\u015f\u0131m Et ve unlu mamul \u00fcretimi, g\u0131da sanayisinin en dinamik ve teknik bilgi gerektiren alanlar\u0131ndan biridir. \u00dcr\u00fcnlerin raf \u00f6mr\u00fc, lezzeti, doku yap\u0131s\u0131 ve mikrobiyolojik g\u00fcvenli\u011fi; kullan\u0131lan hammaddeler kadar proses parametrelerine, katk\u0131 sistemlerine ve re\u00e7ete bile\u015fenlerine de ba\u011fl\u0131d\u0131r. Bu nedenle size \u00f6zel sundu\u011fumuz dan\u0131\u015fmanl\u0131k [&hellip;]<\/p>\n","protected":false},"author":1,"featured_media":0,"parent":0,"menu_order":0,"comment_status":"closed","ping_status":"closed","template":"","meta":{"footnotes":""},"class_list":["post-4884","page","type-page","status-publish","hentry"],"_links":{"self":[{"href":"https:\/\/kadzekim.com\/index.php?rest_route=\/wp\/v2\/pages\/4884","targetHints":{"allow":["GET"]}}],"collection":[{"href":"https:\/\/kadzekim.com\/index.php?rest_route=\/wp\/v2\/pages"}],"about":[{"href":"https:\/\/kadzekim.com\/index.php?rest_route=\/wp\/v2\/types\/page"}],"author":[{"embeddable":true,"href":"https:\/\/kadzekim.com\/index.php?rest_route=\/wp\/v2\/users\/1"}],"replies":[{"embeddable":true,"href":"https:\/\/kadzekim.com\/index.php?rest_route=%2Fwp%2Fv2%2Fcomments&post=4884"}],"version-history":[{"count":4,"href":"https:\/\/kadzekim.com\/index.php?rest_route=\/wp\/v2\/pages\/4884\/revisions"}],"predecessor-version":[{"id":4888,"href":"https:\/\/kadzekim.com\/index.php?rest_route=\/wp\/v2\/pages\/4884\/revisions\/4888"}],"wp:attachment":[{"href":"https:\/\/kadzekim.com\/index.php?rest_route=%2Fwp%2Fv2%2Fmedia&parent=4884"}],"curies":[{"name":"wp","href":"https:\/\/api.w.org\/{rel}","templated":true}]}}