{"id":4168,"date":"2017-07-02T02:37:11","date_gmt":"2017-07-02T02:37:11","guid":{"rendered":"http:\/\/businesslounge-elementor.rtthemes.com\/?page_id=4168"},"modified":"2025-09-10T18:33:19","modified_gmt":"2025-09-10T18:33:19","slug":"about-us","status":"publish","type":"page","link":"https:\/\/kadzekim.com\/?page_id=4168","title":{"rendered":"HAKKIMIZDA"},"content":{"rendered":"\t\t<div data-elementor-type=\"wp-post\" data-elementor-id=\"4168\" class=\"elementor elementor-4168\">\n\t\t\t\t\t\t<section class=\"elementor-section elementor-top-section elementor-element elementor-element-a19cbnl elementor-section-boxed elementor-section-height-default elementor-section-height-default default-style\" data-id=\"a19cbnl\" data-element_type=\"section\" data-settings=\"{&quot;background_background&quot;:&quot;classic&quot;,&quot;rt_color_sets&quot;:&quot;default-style&quot;}\">\n\t\t\t\t\t\t<div class=\"elementor-container elementor-column-gap-default\">\n\t\t\t\t\t<div class=\"elementor-column elementor-col-100 elementor-top-column elementor-element elementor-element-phirfqh\" data-id=\"phirfqh\" data-element_type=\"column\">\n\t\t\t<div class=\"elementor-widget-wrap elementor-element-populated\">\n\t\t\t\t\t\t<div class=\"elementor-element elementor-element-w8pze8v elementor-widget elementor-widget-text-editor\" data-id=\"w8pze8v\" data-element_type=\"widget\" data-widget_type=\"text-editor.default\">\n\t\t\t\t<div class=\"elementor-widget-container\">\n\t\t\t\t\t\t\t\t\t<h2 data-start=\"213\" data-end=\"228\">Hakk\u0131m\u0131zda<\/h2><p data-start=\"230\" data-end=\"456\"><strong data-start=\"230\" data-end=\"285\">Kadze G\u0131da Kimya Proses Ar-Ge Dan\u0131\u015fmanl\u0131k Ltd. \u015eti.<\/strong>, y\u0131llara dayanan saha deneyimi, bilimsel altyap\u0131s\u0131 ve g\u00fc\u00e7l\u00fc sekt\u00f6rel uzmanl\u0131\u011f\u0131yla g\u0131da, kimya ve proses end\u00fcstrilerine yenilik\u00e7i ve s\u00fcrd\u00fcr\u00fclebilir \u00e7\u00f6z\u00fcmler sunmaktad\u0131r.<\/p><p data-start=\"458\" data-end=\"859\">Kurulu\u015f amac\u0131m\u0131z; sekt\u00f6rlerin kar\u015f\u0131la\u015ft\u0131\u011f\u0131 karma\u015f\u0131k s\u00fcre\u00e7leri daha verimli, g\u00fcvenilir ve uygulanabilir hale getirmektir. Bu do\u011frultuda, her projede \u00f6zg\u00fcn yakla\u015f\u0131mlar geli\u015ftiriyor, bilimsel y\u00f6ntemleri ve teknolojiyi sahadaki pratik ihtiya\u00e7larla birle\u015ftiriyoruz. Sundu\u011fumuz hizmetler sadece dan\u0131\u015fmanl\u0131kla s\u0131n\u0131rl\u0131 kalmamakta, ayn\u0131 zamanda \u00f6l\u00e7\u00fclebilir ve uygulanabilir sonu\u00e7lar \u00fcretmeye odaklanmaktad\u0131r.<\/p><p data-start=\"861\" data-end=\"1115\">Kadze olarak, farkl\u0131 \u00f6l\u00e7eklerdeki i\u015fletmelere \u00f6zel \u00e7\u00f6z\u00fcmler geli\u015ftiriyor; <strong data-start=\"935\" data-end=\"1062\">Ar-Ge projeleri, proses iyile\u015ftirmeleri, kalite kontrol sistemleri, s\u00fcrd\u00fcr\u00fclebilir \u00fcretim modelleri ve inovatif uygulamalar<\/strong> ile i\u015f ortaklar\u0131m\u0131z\u0131n b\u00fcy\u00fcmesine katk\u0131 sa\u011fl\u0131yoruz.<\/p><hr data-start=\"1117\" data-end=\"1120\" \/><h2 data-start=\"1122\" data-end=\"1137\">Misyonumuz<\/h2><p data-start=\"1139\" data-end=\"1152\">Misyonumuz;<\/p><ul data-start=\"1153\" data-end=\"1679\"><li data-start=\"1153\" data-end=\"1270\"><p data-start=\"1155\" data-end=\"1270\">G\u0131da, kimya ve proses end\u00fcstrilerinde <strong data-start=\"1193\" data-end=\"1260\">bilimsel y\u00f6ntemlere dayal\u0131, uygulanabilir ve yenilik\u00e7i \u00e7\u00f6z\u00fcmler<\/strong> sunmak,<\/p><\/li><li data-start=\"1271\" data-end=\"1370\"><p data-start=\"1273\" data-end=\"1370\">M\u00fc\u015fterilerimizin \u00fcretim s\u00fcre\u00e7lerini <strong data-start=\"1309\" data-end=\"1353\">daha verimli, ekonomik ve s\u00fcrd\u00fcr\u00fclebilir<\/strong> hale getirmek,<\/p><\/li><li data-start=\"1371\" data-end=\"1458\"><p data-start=\"1373\" data-end=\"1458\"><strong data-start=\"1373\" data-end=\"1394\">Ar-Ge \u00e7al\u0131\u015fmalar\u0131<\/strong> ile yeni nesil teknolojilerin sekt\u00f6re uyarlanmas\u0131n\u0131 sa\u011flamak,<\/p><\/li><li data-start=\"1459\" data-end=\"1567\"><p data-start=\"1461\" data-end=\"1567\">\u0130\u015f ortaklar\u0131m\u0131z\u0131n kar\u015f\u0131la\u015ft\u0131\u011f\u0131 sorunlar\u0131 yaln\u0131zca analiz etmekle kalmay\u0131p <strong data-start=\"1535\" data-end=\"1564\">sahada \u00e7\u00f6z\u00fcme d\u00f6n\u00fc\u015ft\u00fcrmek<\/strong>,<\/p><\/li><li data-start=\"1568\" data-end=\"1679\"><p data-start=\"1570\" data-end=\"1679\">Her a\u015famada <strong data-start=\"1582\" data-end=\"1612\">\u015feffafl\u0131k, g\u00fcven ve kalite<\/strong> ilkelerinden \u00f6d\u00fcn vermeden uzun soluklu i\u015f birlikleri kurmakt\u0131r.<\/p><\/li><\/ul><hr data-start=\"1681\" data-end=\"1684\" \/><h2 data-start=\"1686\" data-end=\"1701\">Vizyonumuz<\/h2><p data-start=\"1703\" data-end=\"1716\">Vizyonumuz;<\/p><ul data-start=\"1717\" data-end=\"2175\"><li data-start=\"1717\" data-end=\"1829\"><p data-start=\"1719\" data-end=\"1829\">G\u0131da, kimya ve proses sekt\u00f6rlerinde <strong data-start=\"1755\" data-end=\"1820\">uluslararas\u0131 d\u00fczeyde tan\u0131nan bir dan\u0131\u015fmanl\u0131k ve Ar-Ge \u015firketi<\/strong> olmak,<\/p><\/li><li data-start=\"1830\" data-end=\"1927\"><p data-start=\"1832\" data-end=\"1927\">Bilimsel ara\u015ft\u0131rmalar ve saha deneyimlerini birle\u015ftirerek <strong data-start=\"1890\" data-end=\"1916\">katma de\u011ferli projeler<\/strong> \u00fcretmek,<\/p><\/li><li data-start=\"1928\" data-end=\"2051\"><p data-start=\"1930\" data-end=\"2051\">End\u00fcstride s\u00fcrd\u00fcr\u00fclebilirli\u011fi, dijitalle\u015fmeyi ve yenilik\u00e7i \u00e7\u00f6z\u00fcmleri \u00f6n plana \u00e7\u0131karan <strong data-start=\"2016\" data-end=\"2034\">\u00f6nc\u00fc bir marka<\/strong> haline gelmek,<\/p><\/li><li data-start=\"2052\" data-end=\"2175\"><p data-start=\"2054\" data-end=\"2175\">Yaln\u0131zca T\u00fcrkiye\u2019de de\u011fil, global pazarda da sekt\u00f6re y\u00f6n veren, <strong data-start=\"2118\" data-end=\"2163\">uzun vadeli ve g\u00fcvenilir bir \u00e7\u00f6z\u00fcm orta\u011f\u0131<\/strong> olmakt\u0131r.<\/p><\/li><\/ul>\t\t\t\t\t\t\t\t<\/div>\n\t\t\t\t<\/div>\n\t\t\t\t<div class=\"elementor-element elementor-element-i52ut28 elementor-widget-divider--view-line elementor-widget elementor-widget-divider\" data-id=\"i52ut28\" data-element_type=\"widget\" data-widget_type=\"divider.default\">\n\t\t\t\t<div class=\"elementor-widget-container\">\n\t\t\t\t\t\t\t<div class=\"elementor-divider\">\n\t\t\t<span class=\"elementor-divider-separator\">\n\t\t\t\t\t\t<\/span>\n\t\t<\/div>\n\t\t\t\t\t\t<\/div>\n\t\t\t\t<\/div>\n\t\t\t\t\t<\/div>\n\t\t<\/div>\n\t\t\t\t\t<\/div>\n\t\t<\/section>\n\t\t\t\t<\/div>\n\t\t","protected":false},"excerpt":{"rendered":"<p>Hakk\u0131m\u0131zda Kadze G\u0131da Kimya Proses Ar-Ge Dan\u0131\u015fmanl\u0131k Ltd. \u015eti., y\u0131llara dayanan saha deneyimi, bilimsel altyap\u0131s\u0131 ve g\u00fc\u00e7l\u00fc sekt\u00f6rel uzmanl\u0131\u011f\u0131yla g\u0131da, kimya ve proses end\u00fcstrilerine yenilik\u00e7i ve s\u00fcrd\u00fcr\u00fclebilir \u00e7\u00f6z\u00fcmler sunmaktad\u0131r. Kurulu\u015f amac\u0131m\u0131z; sekt\u00f6rlerin kar\u015f\u0131la\u015ft\u0131\u011f\u0131 karma\u015f\u0131k s\u00fcre\u00e7leri daha verimli, g\u00fcvenilir ve uygulanabilir hale getirmektir. Bu do\u011frultuda, her projede \u00f6zg\u00fcn yakla\u015f\u0131mlar geli\u015ftiriyor, bilimsel y\u00f6ntemleri ve teknolojiyi sahadaki pratik [&hellip;]<\/p>\n","protected":false},"author":1,"featured_media":0,"parent":0,"menu_order":0,"comment_status":"closed","ping_status":"closed","template":"","meta":{"footnotes":""},"class_list":["post-4168","page","type-page","status-publish","hentry"],"_links":{"self":[{"href":"https:\/\/kadzekim.com\/index.php?rest_route=\/wp\/v2\/pages\/4168","targetHints":{"allow":["GET"]}}],"collection":[{"href":"https:\/\/kadzekim.com\/index.php?rest_route=\/wp\/v2\/pages"}],"about":[{"href":"https:\/\/kadzekim.com\/index.php?rest_route=\/wp\/v2\/types\/page"}],"author":[{"embeddable":true,"href":"https:\/\/kadzekim.com\/index.php?rest_route=\/wp\/v2\/users\/1"}],"replies":[{"embeddable":true,"href":"https:\/\/kadzekim.com\/index.php?rest_route=%2Fwp%2Fv2%2Fcomments&post=4168"}],"version-history":[{"count":10,"href":"https:\/\/kadzekim.com\/index.php?rest_route=\/wp\/v2\/pages\/4168\/revisions"}],"predecessor-version":[{"id":4942,"href":"https:\/\/kadzekim.com\/index.php?rest_route=\/wp\/v2\/pages\/4168\/revisions\/4942"}],"wp:attachment":[{"href":"https:\/\/kadzekim.com\/index.php?rest_route=%2Fwp%2Fv2%2Fmedia&parent=4168"}],"curies":[{"name":"wp","href":"https:\/\/api.w.org\/{rel}","templated":true}]}}