{"id":4074,"date":"2017-06-30T20:21:53","date_gmt":"2017-06-30T20:21:53","guid":{"rendered":"http:\/\/businesslounge-elementor.rtthemes.com\/?page_id=4074"},"modified":"2025-05-16T13:44:49","modified_gmt":"2025-05-16T13:44:49","slug":"our-services","status":"publish","type":"page","link":"https:\/\/kadzekim.com\/?page_id=4074","title":{"rendered":"Hizmetlerimiz"},"content":{"rendered":"\t\t<div data-elementor-type=\"wp-post\" data-elementor-id=\"4074\" class=\"elementor elementor-4074\">\n\t\t\t\t\t\t<section class=\"elementor-section elementor-top-section elementor-element elementor-element-cpbsxmu elementor-section-boxed elementor-section-height-default elementor-section-height-default default-style elementor-invisible\" data-id=\"cpbsxmu\" data-element_type=\"section\" data-settings=\"{&quot;background_background&quot;:&quot;classic&quot;,&quot;animation&quot;:&quot;fadeIn&quot;,&quot;rt_color_sets&quot;:&quot;default-style&quot;}\">\n\t\t\t\t\t\t<div class=\"elementor-container elementor-column-gap-default\">\n\t\t\t\t\t<div class=\"elementor-column elementor-col-33 elementor-top-column elementor-element elementor-element-hhwcvek\" data-id=\"hhwcvek\" data-element_type=\"column\" data-settings=\"{&quot;background_background&quot;:&quot;classic&quot;}\">\n\t\t\t<div class=\"elementor-widget-wrap elementor-element-populated\">\n\t\t\t\t\t\t<div class=\"elementor-element elementor-element-jmlpsta elementor-widget elementor-widget-rt-heading\" data-id=\"jmlpsta\" data-element_type=\"widget\" data-widget_type=\"rt-heading.default\">\n\t\t\t\t<div class=\"elementor-widget-container\">\n\t\t\t\t\t<div class=\"rt-heading-wrapper text-center\">\n\t\t\t\t\t\t<H5 class=\"rt-heading primary-color\" >Ar-Ge ve S\u00fcre\u00e7 Geli\u015ftirme\n<\/H5>\n\t\t\t\t\t<\/div>\t\t\t\t<\/div>\n\t\t\t\t<\/div>\n\t\t\t\t<div class=\"elementor-element elementor-element-wxxsuix elementor-widget elementor-widget-text-editor\" data-id=\"wxxsuix\" data-element_type=\"widget\" data-widget_type=\"text-editor.default\">\n\t\t\t\t<div class=\"elementor-widget-container\">\n\t\t\t\t\t\t\t\t\t<p>Yeni \u00fcr\u00fcn geli\u015ftirme, form\u00fclasyon iyile\u015ftirme ve \u00fcretim verimlili\u011fi sa\u011flama gibi ihtiya\u00e7lar\u0131n\u0131za \u00f6zel Ar-Ge \u00e7\u00f6z\u00fcmleri sunuyoruz. Pilot \u00fcretim ve laboratuvar testlerinden ba\u015flayarak, \u00fcretim hatt\u0131n\u0131za kadar her a\u015famada teknik destek veriyoruz.<\/p>\t\t\t\t\t\t\t\t<\/div>\n\t\t\t\t<\/div>\n\t\t\t\t<div class=\"elementor-element elementor-element-f348fa6 elementor-align-center elementor-widget elementor-widget-rt-button\" data-id=\"f348fa6\" data-element_type=\"widget\" data-widget_type=\"rt-button.default\">\n\t\t\t\t<div class=\"elementor-widget-container\">\n\t\t\t\t\t<div class=\"button_wrapper  arrow rounded\"><a href=\"https:\/\/kadzekim.com\/?page_id=4879\" target=\"_self\" title=\"Detaylar\" class=\"button_  style-2 small\"><span><span>Detaylar<\/span><\/span><\/a><\/div>\t\t\t\t<\/div>\n\t\t\t\t<\/div>\n\t\t\t\t\t<\/div>\n\t\t<\/div>\n\t\t\t\t<div class=\"elementor-column elementor-col-33 elementor-top-column elementor-element elementor-element-mdwmljh\" data-id=\"mdwmljh\" data-element_type=\"column\" data-settings=\"{&quot;background_background&quot;:&quot;classic&quot;}\">\n\t\t\t<div class=\"elementor-widget-wrap elementor-element-populated\">\n\t\t\t\t\t\t<div class=\"elementor-element elementor-element-ohtgjzk elementor-widget elementor-widget-rt-heading\" data-id=\"ohtgjzk\" data-element_type=\"widget\" data-widget_type=\"rt-heading.default\">\n\t\t\t\t<div class=\"elementor-widget-container\">\n\t\t\t\t\t<div class=\"rt-heading-wrapper text-center\">\n\t\t\t\t\t\t<H5 class=\"rt-heading primary-color\" >Et ve Unlu Mamuller<\/H5>\n\t\t\t\t\t<\/div>\t\t\t\t<\/div>\n\t\t\t\t<\/div>\n\t\t\t\t<div class=\"elementor-element elementor-element-ggixcxs elementor-widget elementor-widget-text-editor\" data-id=\"ggixcxs\" data-element_type=\"widget\" data-widget_type=\"text-editor.default\">\n\t\t\t\t<div class=\"elementor-widget-container\">\n\t\t\t\t\t\t\t\t\t<p>Em\u00fclsiyon stabilitesi, nem tutma kapasitesi ve raf \u00f6mr\u00fc gibi kritik parametrelerde y\u00fcksek performans sa\u011flayan \u00e7\u00f6z\u00fcmlerimizle et ve unlu mamul \u00fcretiminizi bir ad\u0131m \u00f6teye ta\u015f\u0131yoruz. Re\u00e7ete dan\u0131\u015fmanl\u0131\u011f\u0131, katk\u0131 \u00f6nerileri ve kalite art\u0131r\u0131c\u0131 \u00e7\u00f6z\u00fcmler geli\u015ftiriyoruz.<\/p>\t\t\t\t\t\t\t\t<\/div>\n\t\t\t\t<\/div>\n\t\t\t\t<div class=\"elementor-element elementor-element-143f79d elementor-align-center elementor-widget elementor-widget-rt-button\" data-id=\"143f79d\" data-element_type=\"widget\" data-widget_type=\"rt-button.default\">\n\t\t\t\t<div class=\"elementor-widget-container\">\n\t\t\t\t\t<div class=\"button_wrapper  arrow rounded\"><a href=\"https:\/\/kadzekim.com\/?page_id=4884\" target=\"_self\" title=\"Detaylar\" class=\"button_  style-2 small\"><span><span>Detaylar<\/span><\/span><\/a><\/div>\t\t\t\t<\/div>\n\t\t\t\t<\/div>\n\t\t\t\t\t<\/div>\n\t\t<\/div>\n\t\t\t\t<div class=\"elementor-column elementor-col-33 elementor-top-column elementor-element elementor-element-hwifvin\" data-id=\"hwifvin\" data-element_type=\"column\" data-settings=\"{&quot;background_background&quot;:&quot;classic&quot;}\">\n\t\t\t<div class=\"elementor-widget-wrap elementor-element-populated\">\n\t\t\t\t\t\t<div class=\"elementor-element elementor-element-gmanxxs elementor-widget elementor-widget-rt-heading\" data-id=\"gmanxxs\" data-element_type=\"widget\" data-widget_type=\"rt-heading.default\">\n\t\t\t\t<div class=\"elementor-widget-container\">\n\t\t\t\t\t<div class=\"rt-heading-wrapper text-center\">\n\t\t\t\t\t\t<H5 class=\"rt-heading primary-color\" >Fonksiyonel G\u0131dalar ve Katk\u0131 Maddeleri\n<\/H5>\n\t\t\t\t\t<\/div>\t\t\t\t<\/div>\n\t\t\t\t<\/div>\n\t\t\t\t<div class=\"elementor-element elementor-element-quskzvf elementor-widget elementor-widget-text-editor\" data-id=\"quskzvf\" data-element_type=\"widget\" data-widget_type=\"text-editor.default\">\n\t\t\t\t<div class=\"elementor-widget-container\">\n\t\t\t\t\t\t\t\t\t<p>T\u00fcketicilerin fonksiyonel beklentilerine uygun olarak do\u011fal lifler, prebiyotikler, do\u011fal boyalar ve temiz etiket katk\u0131 maddeleri sunuyoruz. Sa\u011fl\u0131k ve g\u0131da g\u00fcvenli\u011fini birlikte optimize ediyoruz.<\/p>\t\t\t\t\t\t\t\t<\/div>\n\t\t\t\t<\/div>\n\t\t\t\t<div class=\"elementor-element elementor-element-a2e773b elementor-align-center elementor-widget elementor-widget-rt-button\" data-id=\"a2e773b\" data-element_type=\"widget\" data-widget_type=\"rt-button.default\">\n\t\t\t\t<div class=\"elementor-widget-container\">\n\t\t\t\t\t<div class=\"button_wrapper  arrow rounded\"><a href=\"https:\/\/kadzekim.com\/?page_id=4889\" target=\"_self\" title=\"Detaylar\" class=\"button_  style-2 small\"><span><span>Detaylar<\/span><\/span><\/a><\/div>\t\t\t\t<\/div>\n\t\t\t\t<\/div>\n\t\t\t\t\t<\/div>\n\t\t<\/div>\n\t\t\t\t\t<\/div>\n\t\t<\/section>\n\t\t\t\t<section class=\"elementor-section elementor-top-section elementor-element elementor-element-huetpjw elementor-section-boxed elementor-section-height-default elementor-section-height-default default-style elementor-invisible\" data-id=\"huetpjw\" data-element_type=\"section\" data-settings=\"{&quot;background_background&quot;:&quot;classic&quot;,&quot;animation&quot;:&quot;fadeIn&quot;,&quot;rt_color_sets&quot;:&quot;default-style&quot;}\">\n\t\t\t\t\t\t<div class=\"elementor-container elementor-column-gap-default\">\n\t\t\t\t\t<div class=\"elementor-column elementor-col-33 elementor-top-column elementor-element elementor-element-rwqcfyv\" data-id=\"rwqcfyv\" data-element_type=\"column\" data-settings=\"{&quot;background_background&quot;:&quot;classic&quot;}\">\n\t\t\t<div class=\"elementor-widget-wrap elementor-element-populated\">\n\t\t\t\t\t\t<div class=\"elementor-element elementor-element-igkhrma elementor-widget elementor-widget-rt-heading\" data-id=\"igkhrma\" data-element_type=\"widget\" data-widget_type=\"rt-heading.default\">\n\t\t\t\t<div class=\"elementor-widget-container\">\n\t\t\t\t\t<div class=\"rt-heading-wrapper text-center\">\n\t\t\t\t\t\t<H5 class=\"rt-heading primary-color\" >Tesis Kurulumu ve Devreye Alma<\/H5>\n\t\t\t\t\t<\/div>\t\t\t\t<\/div>\n\t\t\t\t<\/div>\n\t\t\t\t<div class=\"elementor-element elementor-element-qnhbwem elementor-widget elementor-widget-text-editor\" data-id=\"qnhbwem\" data-element_type=\"widget\" data-widget_type=\"text-editor.default\">\n\t\t\t\t<div class=\"elementor-widget-container\">\n\t\t\t\t\t\t\t\t\t<p>Bir proses hatt\u0131n\u0131 tasarlamak, kurmak ve devreye almak ciddi m\u00fchendislik ve planlama ister. Bu s\u00fcre\u00e7te bina i\u00e7i proses sistemlerinden ekipman yerle\u015fimine, elektrik-pn\u00f6matik hatlardan CIP\/SIP sistemlerine kadar t\u00fcm a\u015famalarda anahtar teslim \u00e7\u00f6z\u00fcmler sunuyoruz.<\/p>\t\t\t\t\t\t\t\t<\/div>\n\t\t\t\t<\/div>\n\t\t\t\t<div class=\"elementor-element elementor-element-5905d82 elementor-align-center elementor-widget elementor-widget-rt-button\" data-id=\"5905d82\" data-element_type=\"widget\" data-widget_type=\"rt-button.default\">\n\t\t\t\t<div class=\"elementor-widget-container\">\n\t\t\t\t\t<div class=\"button_wrapper  arrow rounded\"><a href=\"https:\/\/kadzekim.com\/?page_id=4894\" target=\"_self\" title=\"Detaylar\" class=\"button_  style-2 small\"><span><span>Detaylar<\/span><\/span><\/a><\/div>\t\t\t\t<\/div>\n\t\t\t\t<\/div>\n\t\t\t\t\t<\/div>\n\t\t<\/div>\n\t\t\t\t<div class=\"elementor-column elementor-col-33 elementor-top-column elementor-element elementor-element-ckkuwoe\" data-id=\"ckkuwoe\" data-element_type=\"column\" data-settings=\"{&quot;background_background&quot;:&quot;classic&quot;}\">\n\t\t\t<div class=\"elementor-widget-wrap elementor-element-populated\">\n\t\t\t\t\t\t<div class=\"elementor-element elementor-element-phpmepk elementor-widget elementor-widget-rt-heading\" data-id=\"phpmepk\" data-element_type=\"widget\" data-widget_type=\"rt-heading.default\">\n\t\t\t\t<div class=\"elementor-widget-container\">\n\t\t\t\t\t<div class=\"rt-heading-wrapper text-center\">\n\t\t\t\t\t\t<H5 class=\"rt-heading primary-color\" >S\u00fcrd\u00fcr\u00fclebilirlik \u00c7\u00f6z\u00fcmleri\n\n<\/H5>\n\t\t\t\t\t<\/div>\t\t\t\t<\/div>\n\t\t\t\t<\/div>\n\t\t\t\t<div class=\"elementor-element elementor-element-mbtwxob elementor-widget elementor-widget-text-editor\" data-id=\"mbtwxob\" data-element_type=\"widget\" data-widget_type=\"text-editor.default\">\n\t\t\t\t<div class=\"elementor-widget-container\">\n\t\t\t\t\t\t\t\t\t<p>Enerji ve su t\u00fcketimini azaltan proses sistemleri, at\u0131k geri kazan\u0131m\u0131, do\u011fa dostu katk\u0131lar ve \u00e7evreci \u00fcretim s\u00fcre\u00e7leriyle s\u00fcrd\u00fcr\u00fclebilir bir gelecek in\u015fa ediyoruz. S\u00fcrd\u00fcr\u00fclebilirlik raporlar\u0131, ISO entegrasyonlar\u0131 ve karbon azaltma stratejileriyle yan\u0131n\u0131zday\u0131z.<\/p>\t\t\t\t\t\t\t\t<\/div>\n\t\t\t\t<\/div>\n\t\t\t\t<div class=\"elementor-element elementor-element-f47c5e2 elementor-align-center elementor-widget elementor-widget-rt-button\" data-id=\"f47c5e2\" data-element_type=\"widget\" data-widget_type=\"rt-button.default\">\n\t\t\t\t<div class=\"elementor-widget-container\">\n\t\t\t\t\t<div class=\"button_wrapper  arrow rounded\"><a href=\"https:\/\/kadzekim.com\/?page_id=4900\" target=\"_self\" title=\"Detaylar\" class=\"button_  style-2 small\"><span><span>Detaylar<\/span><\/span><\/a><\/div>\t\t\t\t<\/div>\n\t\t\t\t<\/div>\n\t\t\t\t\t<\/div>\n\t\t<\/div>\n\t\t\t\t<div class=\"elementor-column elementor-col-33 elementor-top-column elementor-element elementor-element-hbvlass\" data-id=\"hbvlass\" data-element_type=\"column\" data-settings=\"{&quot;background_background&quot;:&quot;classic&quot;}\">\n\t\t\t<div class=\"elementor-widget-wrap elementor-element-populated\">\n\t\t\t\t\t\t<div class=\"elementor-element elementor-element-rsultea elementor-widget elementor-widget-rt-heading\" data-id=\"rsultea\" data-element_type=\"widget\" data-widget_type=\"rt-heading.default\">\n\t\t\t\t<div class=\"elementor-widget-container\">\n\t\t\t\t\t<div class=\"rt-heading-wrapper text-center\">\n\t\t\t\t\t\t<H5 class=\"rt-heading primary-color\" >Tedarik Zinciri ve S&OP Dan\u0131\u015fmanl\u0131\u011f\u0131\n<\/H5>\n\t\t\t\t\t<\/div>\t\t\t\t<\/div>\n\t\t\t\t<\/div>\n\t\t\t\t<div class=\"elementor-element elementor-element-palgftc elementor-widget elementor-widget-text-editor\" data-id=\"palgftc\" data-element_type=\"widget\" data-widget_type=\"text-editor.default\">\n\t\t\t\t<div class=\"elementor-widget-container\">\n\t\t\t\t\t\t\t\t\t<p>\u00dcretim planlaman\u0131z\u0131 optimize etmek, do\u011fru zamanda do\u011fru \u00fcretim yapmak ve stoklar\u0131n\u0131z\u0131 dengede tutmak i\u00e7in dijitalle\u015fmi\u015f S&amp;OP s\u00fcre\u00e7leri kuruyoruz. ERP uyumu, malzeme ak\u0131\u015f\u0131, talep tahminleme ve tedarik optimizasyonu \u00fczerine \u00f6zel \u00e7\u00f6z\u00fcmler geli\u015ftiriyoruz.<\/p>\t\t\t\t\t\t\t\t<\/div>\n\t\t\t\t<\/div>\n\t\t\t\t<div class=\"elementor-element elementor-element-02229e5 elementor-align-center elementor-widget elementor-widget-rt-button\" data-id=\"02229e5\" data-element_type=\"widget\" data-widget_type=\"rt-button.default\">\n\t\t\t\t<div class=\"elementor-widget-container\">\n\t\t\t\t\t<div class=\"button_wrapper  arrow rounded\"><a href=\"https:\/\/kadzekim.com\/?page_id=4906\" target=\"_self\" title=\"Detaylar\" class=\"button_  style-2 small\"><span><span>Detaylar<\/span><\/span><\/a><\/div>\t\t\t\t<\/div>\n\t\t\t\t<\/div>\n\t\t\t\t\t<\/div>\n\t\t<\/div>\n\t\t\t\t\t<\/div>\n\t\t<\/section>\n\t\t\t\t<\/div>\n\t\t","protected":false},"excerpt":{"rendered":"<p>Ar-Ge ve S\u00fcre\u00e7 Geli\u015ftirme Yeni \u00fcr\u00fcn geli\u015ftirme, form\u00fclasyon iyile\u015ftirme ve \u00fcretim verimlili\u011fi sa\u011flama gibi ihtiya\u00e7lar\u0131n\u0131za \u00f6zel Ar-Ge \u00e7\u00f6z\u00fcmleri sunuyoruz. Pilot \u00fcretim ve laboratuvar testlerinden ba\u015flayarak, \u00fcretim hatt\u0131n\u0131za kadar her a\u015famada teknik destek veriyoruz. Detaylar Et ve Unlu Mamuller Em\u00fclsiyon stabilitesi, nem tutma kapasitesi ve raf \u00f6mr\u00fc gibi kritik parametrelerde y\u00fcksek performans sa\u011flayan \u00e7\u00f6z\u00fcmlerimizle et ve [&hellip;]<\/p>\n","protected":false},"author":1,"featured_media":0,"parent":0,"menu_order":0,"comment_status":"closed","ping_status":"closed","template":"","meta":{"footnotes":""},"class_list":["post-4074","page","type-page","status-publish","hentry"],"_links":{"self":[{"href":"https:\/\/kadzekim.com\/index.php?rest_route=\/wp\/v2\/pages\/4074","targetHints":{"allow":["GET"]}}],"collection":[{"href":"https:\/\/kadzekim.com\/index.php?rest_route=\/wp\/v2\/pages"}],"about":[{"href":"https:\/\/kadzekim.com\/index.php?rest_route=\/wp\/v2\/types\/page"}],"author":[{"embeddable":true,"href":"https:\/\/kadzekim.com\/index.php?rest_route=\/wp\/v2\/users\/1"}],"replies":[{"embeddable":true,"href":"https:\/\/kadzekim.com\/index.php?rest_route=%2Fwp%2Fv2%2Fcomments&post=4074"}],"version-history":[{"count":12,"href":"https:\/\/kadzekim.com\/index.php?rest_route=\/wp\/v2\/pages\/4074\/revisions"}],"predecessor-version":[{"id":4913,"href":"https:\/\/kadzekim.com\/index.php?rest_route=\/wp\/v2\/pages\/4074\/revisions\/4913"}],"wp:attachment":[{"href":"https:\/\/kadzekim.com\/index.php?rest_route=%2Fwp%2Fv2%2Fmedia&parent=4074"}],"curies":[{"name":"wp","href":"https:\/\/api.w.org\/{rel}","templated":true}]}}