{"id":30,"date":"2017-06-27T13:18:37","date_gmt":"2017-06-27T13:18:37","guid":{"rendered":"http:\/\/businesslounge-elementor.rtthemes.com\/?page_id=30"},"modified":"2025-10-03T18:34:27","modified_gmt":"2025-10-03T18:34:27","slug":"blog-right-sidebar","status":"publish","type":"page","link":"https:\/\/kadzekim.com\/?page_id=30","title":{"rendered":"Blog"},"content":{"rendered":"\t\t<div data-elementor-type=\"wp-post\" data-elementor-id=\"30\" class=\"elementor elementor-30\">\n\t\t\t\t\t\t<section class=\"elementor-section elementor-top-section elementor-element elementor-element-xgklobj elementor-section-boxed elementor-section-height-default elementor-section-height-default default-style\" data-id=\"xgklobj\" data-element_type=\"section\" data-settings=\"{&quot;rt_color_sets&quot;:&quot;default-style&quot;}\">\n\t\t\t\t\t\t<div class=\"elementor-container elementor-column-gap-no\">\n\t\t\t\t\t<div class=\"elementor-column elementor-col-100 elementor-top-column elementor-element elementor-element-kxhendd\" data-id=\"kxhendd\" data-element_type=\"column\">\n\t\t\t<div class=\"elementor-widget-wrap elementor-element-populated\">\n\t\t\t\t\t\t<div class=\"elementor-element elementor-element-dqyoqda elementor-widget elementor-widget-rt-blog\" data-id=\"dqyoqda\" data-element_type=\"widget\" data-widget_type=\"rt-blog.default\">\n\t\t\t\t<div class=\"elementor-widget-container\">\n\t\t\t\t\t\n<div id=\"blog-dynamicID-712133\" class=\"blog_list clearfix row\" data-column-width=\"1\">\n<article id=\"4966\" class=\"col col-sm-12 rt-dynamic post-4966 post type-post status-publish format-standard hentry category-uncategorized\"><div class=\"post-content-wrapper boxed\">\n \n\n<!-- blog box-->\n\t\t\n\t<a href=\"https:\/\/kadzekim.com\/?p=4966\" title=\"Ba\u015far\u0131, sadece yapt\u0131klar\u0131n\u0131zla de\u011fil; bilin\u00e7le yapmad\u0131klar\u0131n\u0131zla da \u00f6l\u00e7\u00fcl\u00fcr.\" class=\"post-date\">Ekim 3, 2025<\/a>\r\n\t\t<!-- meta data -->\r\n\t\t<div class=\"post_data\">\r\n\r\n\t\t\t\r\n\t\t\t\t\t\t<!-- user -->                                     \r\n\t\t\t<span class=\"user\">\r\n\t\t\tby  <a href=\"https:\/\/kadzekim.com\/?author=1\" title=\"admin taraf\u0131ndan yaz\u0131lan yaz\u0131lar\" rel=\"author\">admin<\/a>\t\t\t\t\r\n\t\t\t<\/span>\r\n\r\n\t\t\t\t\t\t\t\r\n\t\t\t\r\n\t\t\t\r\n\t\t\t\t\t\t\r\n\t\t<\/div><!-- \/ end div  .post_data -->\r\n\t\t\t\t\t\n\n\t<div class=\"entry-content text\">\n\n\t\t<!-- blog headline-->\n\t\t<h4 class=\"entry-title\"><a href=\"https:\/\/kadzekim.com\/?p=4966\" rel=\"bookmark\">Ba\u015far\u0131, sadece yapt\u0131klar\u0131n\u0131zla de\u011fil; bilin\u00e7le yapmad\u0131klar\u0131n\u0131zla da \u00f6l\u00e7\u00fcl\u00fcr.<\/a><\/h4> \n\n\t\t\n\t\t<p>Ba\u015far\u0131l\u0131 \u0130nsanlar\u0131n ASLA Yapmad\u0131klar\u0131 Ger\u00e7ek ba\u015far\u0131, yap\u0131lacaklardan \u00e7ok, yap\u0131lmayacaklar\u0131 se\u00e7ebilme...<\/p>\t<\/div> \n\n\t<div class=\"entry-footer\">\n\n\t\t<a href=\"https:\/\/kadzekim.com\/?p=4966\" class=\"read_more\">Continue reading<\/a>\n\t<\/div>\n\n<!-- \/ blog box-->\n<\/div><\/article>\n<\/div>\n\t\t\t\t<\/div>\n\t\t\t\t<\/div>\n\t\t\t\t\t<\/div>\n\t\t<\/div>\n\t\t\t\t\t<\/div>\n\t\t<\/section>\n\t\t\t\t<\/div>\n\t\t","protected":false},"excerpt":{"rendered":"<p>Ekim 3, 2025 by admin Ba\u015far\u0131, sadece yapt\u0131klar\u0131n\u0131zla de\u011fil; bilin\u00e7le yapmad\u0131klar\u0131n\u0131zla da \u00f6l\u00e7\u00fcl\u00fcr. Ba\u015far\u0131l\u0131 \u0130nsanlar\u0131n ASLA Yapmad\u0131klar\u0131 Ger\u00e7ek ba\u015far\u0131, yap\u0131lacaklardan \u00e7ok, yap\u0131lmayacaklar\u0131 se\u00e7ebilme&#8230; Continue reading<\/p>\n","protected":false},"author":1,"featured_media":0,"parent":0,"menu_order":0,"comment_status":"closed","ping_status":"closed","template":"","meta":{"footnotes":""},"class_list":["post-30","page","type-page","status-publish","hentry"],"_links":{"self":[{"href":"https:\/\/kadzekim.com\/index.php?rest_route=\/wp\/v2\/pages\/30","targetHints":{"allow":["GET"]}}],"collection":[{"href":"https:\/\/kadzekim.com\/index.php?rest_route=\/wp\/v2\/pages"}],"about":[{"href":"https:\/\/kadzekim.com\/index.php?rest_route=\/wp\/v2\/types\/page"}],"author":[{"embeddable":true,"href":"https:\/\/kadzekim.com\/index.php?rest_route=\/wp\/v2\/users\/1"}],"replies":[{"embeddable":true,"href":"https:\/\/kadzekim.com\/index.php?rest_route=%2Fwp%2Fv2%2Fcomments&post=30"}],"version-history":[{"count":6,"href":"https:\/\/kadzekim.com\/index.php?rest_route=\/wp\/v2\/pages\/30\/revisions"}],"predecessor-version":[{"id":4983,"href":"https:\/\/kadzekim.com\/index.php?rest_route=\/wp\/v2\/pages\/30\/revisions\/4983"}],"wp:attachment":[{"href":"https:\/\/kadzekim.com\/index.php?rest_route=%2Fwp%2Fv2%2Fmedia&parent=30"}],"curies":[{"name":"wp","href":"https:\/\/api.w.org\/{rel}","templated":true}]}}